{"id":3700,"date":"2013-05-24T20:06:54","date_gmt":"2013-05-24T18:06:54","guid":{"rendered":"http:\/\/avada.theme-fusion.comxml\/?page_id=3700"},"modified":"2017-02-28T17:00:58","modified_gmt":"2017-02-28T16:00:58","slug":"lediga-tjanster","status":"publish","type":"page","link":"https:\/\/kompetensservice.com\/en\/lediga-tjanster\/","title":{"rendered":"Available positions"},"content":{"rendered":"<p><div class=\"fusion-fullwidth fullwidth-box fusion-builder-row-1 nonhundred-percent-fullwidth non-hundred-percent-height-scrolling\" style=\"background-color: #ffffff;background-position: center center;background-repeat: no-repeat;padding-top:20px;padding-right:0px;padding-bottom:20px;padding-left:0px;margin-bottom: 0px;margin-top: 0px;border-width: 0px 0px 0px 0px;border-color:#eae9e9;border-style:solid;\" ><div class=\"fusion-builder-row fusion-row\"><div class=\"fusion-layout-column fusion_builder_column fusion-builder-column-0 fusion_builder_column_1_1 1_1 fusion-one-full fusion-column-first fusion-column-last\" style=\"margin-top:0px;margin-bottom:20px;\"><div class=\"fusion-column-wrapper fusion-flex-column-wrapper-legacy\" style=\"background-position:left top;background-repeat:no-repeat;-webkit-background-size:cover;-moz-background-size:cover;-o-background-size:cover;background-size:cover;padding: 0px 0px 0px 0px;\"><div class=\"fusion-text fusion-text-1\"><h3>Working at Skandinavisk Kompetensservice<\/h3>\n<p>As a consultant you represent our company when you work on site with our customers.<br \/>\nAs an employee, you become part of a rapidly developing organization. We give you the opportunity for a flexible service and the prospect to develop with us. Your excellence is in demand, which means that it is possible that we can tailor a service for you.<\/p>\n<p>With us you are not simply one of the crowd, you are important to us. We will therefore provide you with a personal staff contact. Our employees are our most important asset and we are extremely proud of this. That is why we invest heavily in competence analysis and further development. As an employee, you are always offered new challenges and the opportunity to access our broad network of employers.<\/p>\n<p>When you work with us you are fully insured. In addition, we offer competitive market conditions in exchange for the right expertise and a positive and flexible attitude.<br \/>\nDo not hesitate to submit your registration today!<\/p>\n<\/div><div class=\"fusion-clearfix\"><\/div><\/div><\/div><\/div><\/div><div class=\"fusion-fullwidth fullwidth-box fusion-builder-row-2 hundred-percent-fullwidth non-hundred-percent-height-scrolling\" style=\"background-color: #ffffff;background-position: center center;background-repeat: no-repeat;padding-top:0px;padding-right:0px;padding-bottom:0px;padding-left:0px;margin-bottom: 0px;margin-top: 15px;border-width: 0px 0px 0px 0px;border-color:#eae9e9;border-style:solid;\" ><div class=\"fusion-builder-row fusion-row\"><div class=\"fusion-layout-column fusion_builder_column fusion-builder-column-1 fusion_builder_column_1_1 1_1 fusion-one-full fusion-column-first fusion-column-last fusion-column-no-min-height\" style=\"margin-top:0px;margin-bottom:0px;\"><div class=\"fusion-column-wrapper fusion-flex-column-wrapper-legacy\" style=\"background-position:left top;background-repeat:no-repeat;-webkit-background-size:cover;-moz-background-size:cover;-o-background-size:cover;background-size:cover;padding: 0px 0px 0px 0px;\"><style type=\"text\/css\"><\/style><div class=\"fusion-title title fusion-title-1 fusion-title-center fusion-title-text fusion-title-size-two\" style=\"margin-top:0px;margin-right:0px;margin-bottom:20px;margin-left:0px;\"><div class=\"title-sep-container title-sep-container-left\"><div class=\"title-sep sep-double sep-solid\" style=\"border-color:#e0dede;\"><\/div><\/div><span class=\"awb-title-spacer\"><\/span><h2 class=\"title-heading-center fusion-responsive-typography-calculated\" style=\"margin:0;--fontSize:18;--minFontSize:18px;line-height:1.5;\">Available positions at Skandinavisk Kompetensservice<\/h2><span class=\"awb-title-spacer\"><\/span><div class=\"title-sep-container title-sep-container-right\"><div class=\"title-sep sep-double sep-solid\" style=\"border-color:#e0dede;\"><\/div><\/div><\/div><div class=\"fusion-blog-shortcode fusion-blog-shortcode-1 fusion-blog-archive fusion-blog-layout-medium-alternate fusion-blog-pagination\"><div class=\"fusion-posts-container fusion-posts-container-pagination fusion-blog-rollover\" data-pages=\"2\"><article id=\"blog-1-post-12459\" class=\"fusion-post-medium-alternate post-12459 post type-post status-publish format-standard hentry category-lastbilsmekaniker\">\n<div class=\"fusion-date-and-formats\"><div class=\"fusion-date-box updated\"><span class=\"fusion-date\">13<\/span><span class=\"fusion-month-year\">01, 2026<\/span><\/div><div class=\"fusion-format-box\"><i class=\"awb-icon-pen\" aria-hidden=\"true\"><\/i><\/div><\/div>\t<style type=\"text\/css\">\n\t\t\n\t\t\n\t\t\n\t\t\n\t\t\t<\/style>\n\n\n<div class=\"fusion-post-content post-content\"><h2 class=\"blog-shortcode-post-title entry-title\"><a href=\"https:\/\/kompetensservice.com\/en\/spontanansokan-lastbilsmekaniker\/\">TRUCKMECHANIC FOR LONG CONTRACT<\/a><\/h2><p class=\"fusion-single-line-meta\"><span class=\"vcard\" style=\"display: none;\"><span class=\"fn\"><a href=\"https:\/\/kompetensservice.com\/en\/author\/petra\/\" title=\"Posts by Petra Malving\" rel=\"author\">Petra Malving<\/a><\/span><\/span><span class=\"updated\" style=\"display:none;\">2026-03-10T10:40:15+01:00<\/span><span>January 13th, 2026<\/span><span class=\"fusion-inline-sep\">|<\/span><a href=\"https:\/\/kompetensservice.com\/en\/category\/lastbilsmekaniker\/\" rel=\"category tag\">Truckmechanic<\/a><span class=\"fusion-inline-sep\">|<\/span><\/p><div class=\"fusion-post-content-container\"><p>We at Skandinavisk Kompetensservice work with technical consultancy services and are niche experts in the oil industry, offshore and subsea markets in Sweden, Norway and the North Sea.<\/p><\/div><\/div><div class=\"fusion-clearfix\"><\/div><\/article>\n<article id=\"blog-1-post-12454\" class=\"fusion-post-medium-alternate post-12454 post type-post status-publish format-standard hentry category-svetsare\">\n<div class=\"fusion-date-and-formats\"><div class=\"fusion-date-box updated\"><span class=\"fusion-date\">26<\/span><span class=\"fusion-month-year\">11, 2025<\/span><\/div><div class=\"fusion-format-box\"><i class=\"awb-icon-pen\" aria-hidden=\"true\"><\/i><\/div><\/div>\t<style type=\"text\/css\">\n\t\t\n\t\t\n\t\t\n\t\t\n\t\t\t<\/style>\n\n\n<div class=\"fusion-post-content post-content\"><h2 class=\"blog-shortcode-post-title entry-title\"><a href=\"https:\/\/kompetensservice.com\/en\/tig-svetsare\/\">TIG welder with Aluminium experience!<\/a><\/h2><p class=\"fusion-single-line-meta\"><span class=\"vcard\" style=\"display: none;\"><span class=\"fn\"><a href=\"https:\/\/kompetensservice.com\/en\/author\/petra\/\" title=\"Posts by Petra Malving\" rel=\"author\">Petra Malving<\/a><\/span><\/span><span class=\"updated\" style=\"display:none;\">2026-03-10T10:05:52+01:00<\/span><span>November 26th, 2025<\/span><span class=\"fusion-inline-sep\">|<\/span><a href=\"https:\/\/kompetensservice.com\/en\/category\/svetsare\/\" rel=\"category tag\">Svetsare<\/a><span class=\"fusion-inline-sep\">|<\/span><\/p><div class=\"fusion-post-content-container\"><p>Vi p\u00e5 Skandinavisk Kompetensservice arbetar med tekniska konsulttj\u00e4nster och \u00e4r nischade mot spetskompetens inom olje- gasbranschen, offshore- och subseamarknaden i Sverige, Norge och Nordsj\u00f6n. Vi har satsat stort p\u00e5 kvalit\u00e8t [...]<\/p><\/div><\/div><div class=\"fusion-clearfix\"><\/div><\/article>\n<article id=\"blog-1-post-12516\" class=\"fusion-post-medium-alternate post-12516 post type-post status-publish format-standard hentry category-okategoriserade\">\n<div class=\"fusion-date-and-formats\"><div class=\"fusion-date-box updated\"><span class=\"fusion-date\">6<\/span><span class=\"fusion-month-year\">11, 2025<\/span><\/div><div class=\"fusion-format-box\"><i class=\"awb-icon-pen\" aria-hidden=\"true\"><\/i><\/div><\/div>\t<style type=\"text\/css\">\n\t\t\n\t\t\n\t\t\n\t\t\n\t\t\t<\/style>\n\n\n<div class=\"fusion-post-content post-content\"><h2 class=\"blog-shortcode-post-title entry-title\"><a href=\"https:\/\/kompetensservice.com\/en\/mattekniker\/\">Measurement Technician<\/a><\/h2><p class=\"fusion-single-line-meta\"><span class=\"vcard\" style=\"display: none;\"><span class=\"fn\"><a href=\"https:\/\/kompetensservice.com\/en\/author\/petra\/\" title=\"Posts by Petra Malving\" rel=\"author\">Petra Malving<\/a><\/span><\/span><span class=\"updated\" style=\"display:none;\">2026-03-10T10:08:01+01:00<\/span><span>November 6th, 2025<\/span><span class=\"fusion-inline-sep\">|<\/span><a href=\"https:\/\/kompetensservice.com\/en\/category\/okategoriserade\/\" rel=\"category tag\">Okategoriserade<\/a><span class=\"fusion-inline-sep\">|<\/span><\/p><div class=\"fusion-post-content-container\"><p>We at Skandinavisk Kompetensservice work with technical consulting services and are niche experts in the oil industry, offshore and subsea markets in Sweden, Norway and the North Sea. We have invested heavily in quality and personal service and our workforce are happy and focused on their professional career.<\/p><\/div><\/div><div class=\"fusion-clearfix\"><\/div><\/article>\n<article id=\"blog-1-post-12513\" class=\"fusion-post-medium-alternate post-12513 post type-post status-publish format-standard hentry category-cnc-operatorer\">\n<div class=\"fusion-date-and-formats\"><div class=\"fusion-date-box updated\"><span class=\"fusion-date\">21<\/span><span class=\"fusion-month-year\">10, 2025<\/span><\/div><div class=\"fusion-format-box\"><i class=\"awb-icon-pen\" aria-hidden=\"true\"><\/i><\/div><\/div>\t<style type=\"text\/css\">\n\t\t\n\t\t\n\t\t\n\t\t\n\t\t\t<\/style>\n\n\n<div class=\"fusion-post-content post-content\"><h2 class=\"blog-shortcode-post-title entry-title\"><a href=\"https:\/\/kompetensservice.com\/en\/cnc-operator-mazak-integrex\/\">CNC-operat\u00f6r p\u00e5 rotation!<\/a><\/h2><p class=\"fusion-single-line-meta\"><span class=\"vcard\" style=\"display: none;\"><span class=\"fn\"><a href=\"https:\/\/kompetensservice.com\/en\/author\/petra\/\" title=\"Posts by Petra Malving\" rel=\"author\">Petra Malving<\/a><\/span><\/span><span class=\"updated\" style=\"display:none;\">2026-04-22T16:52:35+02:00<\/span><span>October 21st, 2025<\/span><span class=\"fusion-inline-sep\">|<\/span><a href=\"https:\/\/kompetensservice.com\/en\/category\/cnc-operatorer\/\" rel=\"category tag\">CNC-operat\u00f6rer<\/a><span class=\"fusion-inline-sep\">|<\/span><\/p><div class=\"fusion-post-content-container\"><p>We at Skandinavisk Kompetensservice work with technical consultancy services and are niche experts in the oil industry, offshore and subsea markets in Sweden, Norway and the North Sea.<\/p><\/div><\/div><div class=\"fusion-clearfix\"><\/div><\/article>\n<article id=\"blog-1-post-12423\" class=\"fusion-post-medium-alternate post-12423 post type-post status-publish format-standard hentry category-cnc-operatorer\">\n<div class=\"fusion-date-and-formats\"><div class=\"fusion-date-box updated\"><span class=\"fusion-date\">23<\/span><span class=\"fusion-month-year\">09, 2025<\/span><\/div><div class=\"fusion-format-box\"><i class=\"awb-icon-pen\" aria-hidden=\"true\"><\/i><\/div><\/div>\t<style type=\"text\/css\">\n\t\t\n\t\t\n\t\t\n\t\t\n\t\t\t<\/style>\n\n\n<div class=\"fusion-post-content post-content\"><h2 class=\"blog-shortcode-post-title entry-title\"><a href=\"https:\/\/kompetensservice.com\/en\/cnc-operator-okuma-multus\/\">CNC-OPERAT\u00d6R Okuma Millturn maskin<\/a><\/h2><p class=\"fusion-single-line-meta\"><span class=\"vcard\" style=\"display: none;\"><span class=\"fn\"><a href=\"https:\/\/kompetensservice.com\/en\/author\/petra\/\" title=\"Posts by Petra Malving\" rel=\"author\">Petra Malving<\/a><\/span><\/span><span class=\"updated\" style=\"display:none;\">2026-03-10T10:29:54+01:00<\/span><span>September 23rd, 2025<\/span><span class=\"fusion-inline-sep\">|<\/span><a href=\"https:\/\/kompetensservice.com\/en\/category\/cnc-operatorer\/\" rel=\"category tag\">CNC-operat\u00f6rer<\/a><span class=\"fusion-inline-sep\">|<\/span><\/p><div class=\"fusion-post-content-container\"><p>We at Skandinavisk Kompetensservice work with technical consulting services and are niche experts in the oil industry, offshore and subsea markets in Sweden, Norway and the North Sea. We have invested heavily in quality and personal service and our workforce are happy and focused on their professional career.<\/p><\/div><\/div><div class=\"fusion-clearfix\"><\/div><\/article>\n<article id=\"blog-1-post-12476\" class=\"fusion-post-medium-alternate post-12476 post type-post status-publish format-standard hentry category-okategoriserade\">\n<div class=\"fusion-date-and-formats\"><div class=\"fusion-date-box updated\"><span class=\"fusion-date\">5<\/span><span class=\"fusion-month-year\">09, 2025<\/span><\/div><div class=\"fusion-format-box\"><i class=\"awb-icon-pen\" aria-hidden=\"true\"><\/i><\/div><\/div>\t<style type=\"text\/css\">\n\t\t\n\t\t\n\t\t\n\t\t\n\t\t\t<\/style>\n\n\n<div class=\"fusion-post-content post-content\"><h2 class=\"blog-shortcode-post-title entry-title\"><a href=\"https:\/\/kompetensservice.com\/en\/rortradsvetsare\/\">MIG-svetsare<\/a><\/h2><p class=\"fusion-single-line-meta\"><span class=\"vcard\" style=\"display: none;\"><span class=\"fn\"><a href=\"https:\/\/kompetensservice.com\/en\/author\/petra\/\" title=\"Posts by Petra Malving\" rel=\"author\">Petra Malving<\/a><\/span><\/span><span class=\"updated\" style=\"display:none;\">2026-04-22T16:44:49+02:00<\/span><span>September 5th, 2025<\/span><span class=\"fusion-inline-sep\">|<\/span><a href=\"https:\/\/kompetensservice.com\/en\/category\/okategoriserade\/\" rel=\"category tag\">Okategoriserade<\/a><span class=\"fusion-inline-sep\">|<\/span><\/p><div class=\"fusion-post-content-container\"><p>We at Skandinavisk Kompetensservice work with technical consultancy services and are niche experts in the oil industry, offshore and subsea markets in Sweden, Norway and the North Sea.<\/p><\/div><\/div><div class=\"fusion-clearfix\"><\/div><\/article>\n<\/div><div class=\"pagination clearfix\"><span class=\"current\">1<\/span><a href=\"https:\/\/kompetensservice.com\/en\/wp-json\/wp\/v2\/pages\/3700\/page\/2\/\" class=\"inactive\">2<\/a><a class=\"pagination-next\" rel=\"next\" href=\"https:\/\/kompetensservice.com\/en\/wp-json\/wp\/v2\/pages\/3700\/page\/2\/\"><span class=\"page-text\">Next<\/span><span class=\"page-next\"><\/span><\/a><\/div><div class=\"fusion-clearfix\"><\/div><\/div><style type='text\/css'>.reading-box-container-1 .element-bottomshadow:before,.reading-box-container-1 .element-bottomshadow:after{opacity:0.1;}<\/style><div class=\"fusion-reading-box-container reading-box-container-1 fusion-animated\" data-animationtype=\"fadeInRight\" data-animationduration=\"1\" data-animationoffset=\"top-into-view\" style=\"margin-top:0px;margin-bottom:84px;\"><div class=\"reading-box\" style=\"background-color:#f6f6f6;border-width:1px;border-color:#f6f6f6;border-top-width:3px;border-top-color:var(--primary_color);border-style:solid;\"><a class=\"button fusion-button button-blue fusion-button-large button-large button-flat fusion-desktop-button fusion-tagline-button continue fusion-desktop-button-margin continue-right\" style=\"-webkit-box-shadow:none;-moz-box-shadow:none;box-shadow:none;border-radius:0px;\" href=\"https:\/\/kompetensservice.com\/en\/kontakta\/\" target=\"_blank\" rel=\"noopener noreferrer\"><span>Contact us<\/span><\/a><h2>Submit a spontaneous application!<\/h2><div class=\"reading-box-description fusion-reading-box-additional\">Mail us at: info@kompetensservice.com<\/div><div class=\"fusion-clearfix\"><\/div><a class=\"button fusion-button button-blue fusion-button-large button-large button-flat fusion-mobile-button continue-right\" style=\"-webkit-box-shadow:none;-moz-box-shadow:none;box-shadow:none;border-radius:0px;\" href=\"https:\/\/kompetensservice.com\/en\/kontakta\/\" target=\"_blank\" rel=\"noopener noreferrer\"><span>Contact us<\/span><\/a><\/div><\/div><div class=\"fusion-clearfix\"><\/div><\/div><\/div><\/div><\/div><\/p>","protected":false},"excerpt":{"rendered":"","protected":false},"author":1,"featured_media":0,"parent":0,"menu_order":0,"comment_status":"open","ping_status":"closed","template":"","meta":{"footnotes":""},"_links":{"self":[{"href":"https:\/\/kompetensservice.com\/en\/wp-json\/wp\/v2\/pages\/3700"}],"collection":[{"href":"https:\/\/kompetensservice.com\/en\/wp-json\/wp\/v2\/pages"}],"about":[{"href":"https:\/\/kompetensservice.com\/en\/wp-json\/wp\/v2\/types\/page"}],"author":[{"embeddable":true,"href":"https:\/\/kompetensservice.com\/en\/wp-json\/wp\/v2\/users\/1"}],"replies":[{"embeddable":true,"href":"https:\/\/kompetensservice.com\/en\/wp-json\/wp\/v2\/comments?post=3700"}],"version-history":[{"count":11,"href":"https:\/\/kompetensservice.com\/en\/wp-json\/wp\/v2\/pages\/3700\/revisions"}],"predecessor-version":[{"id":12096,"href":"https:\/\/kompetensservice.com\/en\/wp-json\/wp\/v2\/pages\/3700\/revisions\/12096"}],"wp:attachment":[{"href":"https:\/\/kompetensservice.com\/en\/wp-json\/wp\/v2\/media?parent=3700"}],"curies":[{"name":"wp","href":"https:\/\/api.w.org\/{rel}","templated":true}]}}